{"id":1870,"date":"2025-02-18T08:13:36","date_gmt":"2025-02-18T08:13:36","guid":{"rendered":"https:\/\/latina-nudes.com\/?page_id=1870"},"modified":"2025-02-18T09:15:21","modified_gmt":"2025-02-18T09:15:21","slug":"dmca","status":"publish","type":"page","link":"https:\/\/latina-nudes.com\/vi\/dmca\/","title":{"rendered":"DMCA Policy"},"content":{"rendered":"<div data-elementor-type=\"wp-page\" data-elementor-id=\"1870\" class=\"elementor elementor-1870\">\n\t\t\t\t\t\t\t<div class=\"elementor-element elementor-element-3b06b85 e-flex e-con-boxed e-con e-parent\" data-id=\"3b06b85\" data-element_type=\"container\" data-settings=\"{&quot;content_width&quot;:&quot;boxed&quot;}\" data-core-v316-plus=\"true\">\n\t\t\t\t\t<div class=\"e-con-inner\">\n\t\t\t\t<div class=\"elementor-element elementor-element-35c5c81 elementor-widget elementor-widget-shortcode\" data-id=\"35c5c81\" data-element_type=\"widget\" data-widget_type=\"shortcode.default\">\n\t\t\t\t<div class=\"elementor-widget-container\">\n\t\t\t\t\t<div class=\"elementor-shortcode\"><a href=\"https:\/\/t.ajrkm.link\/282210\/6224\/0?bo=2779,2778,2777,2776,2775&file_id=613080&po=6533&aff_sub5=SF_006OG000004lmDN&aff_sub4=AT_0002\"><img decoding=\"async\" loading=\"lazy\" src=\"https:\/\/www.imglnkx.com\/6224\/000110AH_JRKM_18_ALL_EN_22646_L.jpg\" width=\"970\" height=\"90\" border=\"0\" \/><\/a><\/div>\n\t\t\t\t<\/div>\n\t\t\t\t<\/div>\n\t\t\t\t\t<\/div>\n\t\t\t\t<\/div>\n\t\t<div class=\"elementor-element elementor-element-c5a6da0 e-flex e-con-boxed e-con e-parent\" data-id=\"c5a6da0\" data-element_type=\"container\" data-settings=\"{&quot;content_width&quot;:&quot;boxed&quot;}\" data-core-v316-plus=\"true\">\n\t\t\t\t\t<div class=\"e-con-inner\">\n\t\t\t\t<div class=\"elementor-element elementor-element-11a026a elementor-widget elementor-widget-text-editor\" data-id=\"11a026a\" data-element_type=\"widget\" data-widget_type=\"text-editor.default\">\n\t\t\t\t<div class=\"elementor-widget-container\">\n\t\t\t<style>\/*! elementor - v3.16.0 - 20-09-2023 *\/\n.elementor-widget-text-editor.elementor-drop-cap-view-stacked .elementor-drop-cap{background-color:#69727d;color:#fff}.elementor-widget-text-editor.elementor-drop-cap-view-framed .elementor-drop-cap{color:#69727d;border:3px solid;background-color:transparent}.elementor-widget-text-editor:not(.elementor-drop-cap-view-default) .elementor-drop-cap{margin-top:8px}.elementor-widget-text-editor:not(.elementor-drop-cap-view-default) .elementor-drop-cap-letter{width:1em;height:1em}.elementor-widget-text-editor .elementor-drop-cap{float:left;text-align:center;line-height:1;font-size:50px}.elementor-widget-text-editor .elementor-drop-cap-letter{display:inline-block}<\/style>\t\t\t\t<h1><center>DMCA Policy<\/center><\/h1>\n<p><\/p>\n<p>[Latina-Nudes.com] t\u00f4n tr\u1ecdng quy\u1ec1n s\u1edf h\u1eefu tr\u00ed tu\u1ec7 c\u1ee7a ng\u01b0\u1eddi kh\u00e1c v\u00e0 tu\u00e2n th\u1ee7 \u0110\u1ea1o lu\u1eadt B\u1ea3n quy\u1ec1n Thi\u00ean ni\u00ean k\u1ef7 K\u1ef9 thu\u1eadt s\u1ed1 (DMCA). Ch\u00ednh s\u00e1ch n\u00e0y n\u00eau r\u00f5 quy tr\u00ecnh c\u1ee7a ch\u00fang t\u00f4i \u0111\u1ec3 gi\u1ea3i quy\u1ebft c\u00e1c khi\u1ebfu n\u1ea1i v\u1ec1 vi ph\u1ea1m b\u1ea3n quy\u1ec1n. N\u1ebfu b\u1ea1n tin r\u1eb1ng t\u00e1c ph\u1ea9m c\u00f3 b\u1ea3n quy\u1ec1n c\u1ee7a b\u1ea1n \u0111\u00e3 \u0111\u01b0\u1ee3c s\u1eed d\u1ee5ng tr\u00ean trang web c\u1ee7a ch\u00fang t\u00f4i theo c\u00e1ch c\u1ea5u th\u00e0nh h\u00e0nh vi vi ph\u1ea1m b\u1ea3n quy\u1ec1n, vui l\u00f2ng g\u1eedi th\u00f4ng b\u00e1o b\u1eb1ng v\u0103n b\u1ea3n \u0111\u1ebfn \u0110\u1ea1i l\u00fd B\u1ea3n quy\u1ec1n \u0110\u01b0\u1ee3c ch\u1ec9 \u0111\u1ecbnh c\u1ee7a ch\u00fang t\u00f4i, trong \u0111\u00f3 bao g\u1ed3m c\u00e1c th\u00f4ng tin sau: Chi ti\u1ebft li\u00ean h\u1ec7 c\u1ee7a b\u1ea1n (t\u00ean, \u0111\u1ecba ch\u1ec9, s\u1ed1 \u0111i\u1ec7n tho\u1ea1i v\u00e0 email), m\u00f4 t\u1ea3 v\u1ec1 t\u00e1c ph\u1ea9m c\u00f3 b\u1ea3n quy\u1ec1n m\u00e0 b\u1ea1n tin r\u1eb1ng \u0111\u00e3 b\u1ecb vi ph\u1ea1m. URL ho\u1eb7c v\u1ecb tr\u00ed c\u1ee5 th\u1ec3 c\u1ee7a t\u00e0i li\u1ec7u tr\u00ean trang web c\u1ee7a ch\u00fang t\u00f4i m\u00e0 b\u1ea1n cho l\u00e0 vi ph\u1ea1m. M\u1ed9t tuy\u00ean b\u1ed1 r\u1eb1ng b\u1ea1n c\u00f3 ni\u1ec1m tin thi\u1ec7n ch\u00ed r\u1eb1ng vi\u1ec7c s\u1eed d\u1ee5ng l\u00e0 tr\u00e1i ph\u00e9p. M\u1ed9t tuy\u00ean b\u1ed1, theo h\u00ecnh ph\u1ea1t v\u1ec1 t\u1ed9i khai man, r\u1eb1ng th\u00f4ng tin b\u1ea1n cung c\u1ea5p l\u00e0 ch\u00ednh x\u00e1c v\u00e0 b\u1ea1n l\u00e0 ch\u1ee7 s\u1edf h\u1eefu b\u1ea3n quy\u1ec1n ho\u1eb7c \u0111\u01b0\u1ee3c \u1ee7y quy\u1ec1n h\u00e0nh \u0111\u1ed9ng thay m\u1eb7t cho h\u1ecd. Ch\u1eef k\u00fd \u0111i\u1ec7n t\u1eed ho\u1eb7c ch\u1eef k\u00fd v\u1eadt l\u00fd c\u1ee7a b\u1ea1n. G\u1eedi th\u00f4ng b\u00e1o DMCA c\u1ee7a b\u1ea1n t\u1edbi:<\/p>\n<p>[info@latina-nudes.com]<\/p>\n<p>N\u1ebfu b\u1ea1n tin r\u1eb1ng t\u00e0i li\u1ec7u b\u1ea1n \u0111\u0103ng tr\u00ean trang web c\u1ee7a ch\u00fang t\u00f4i \u0111\u00e3 b\u1ecb x\u00f3a do nh\u1ea7m l\u1eabn ho\u1eb7c nh\u1eadn d\u1ea1ng sai, b\u1ea1n c\u00f3 th\u1ec3 g\u1eedi th\u00f4ng b\u00e1o ph\u1ea3n \u0111\u1ed1i \u0111\u1ebfn \u0110\u1ea1i l\u00fd b\u1ea3n quy\u1ec1n \u0111\u01b0\u1ee3c ch\u1ec9 \u0111\u1ecbnh c\u1ee7a ch\u00fang t\u00f4i. Th\u00f4ng b\u00e1o ph\u1ea3n \u0111\u1ed1i c\u1ee7a b\u1ea1n ph\u1ea3i bao g\u1ed3m: Chi ti\u1ebft li\u00ean l\u1ea1c c\u1ee7a b\u1ea1n (t\u00ean, \u0111\u1ecba ch\u1ec9, s\u1ed1 \u0111i\u1ec7n tho\u1ea1i v\u00e0 email). Nh\u1eadn d\u1ea1ng t\u00e0i li\u1ec7u v\u00e0 v\u1ecb tr\u00ed c\u1ee7a t\u00e0i li\u1ec7u tr\u01b0\u1edbc khi x\u00f3a. M\u1ed9t tuy\u00ean b\u1ed1, theo h\u00ecnh ph\u1ea1t v\u1ec1 t\u1ed9i khai man, r\u1eb1ng t\u00e0i li\u1ec7u \u0111\u00e3 b\u1ecb x\u00f3a do nh\u1ea7m l\u1eabn ho\u1eb7c nh\u1eadn d\u1ea1ng sai. M\u1ed9t tuy\u00ean b\u1ed1 r\u1eb1ng b\u1ea1n \u0111\u1ed3ng \u00fd v\u1edbi quy\u1ec1n t\u00e0i ph\u00e1n c\u1ee7a t\u00f2a \u00e1n li\u00ean bang t\u1ea1i qu\u1eadn c\u1ee7a b\u1ea1n ho\u1eb7c, n\u1ebfu b\u00ean ngo\u00e0i Hoa K\u1ef3, b\u1ea1n \u0111\u1ed3ng \u00fd v\u1edbi quy\u1ec1n t\u00e0i ph\u00e1n c\u1ee7a t\u00f2a \u00e1n t\u1ea1i [Ti\u1ec3u bang, Hoa K\u1ef3]. Ch\u1eef k\u00fd \u0111i\u1ec7n t\u1eed ho\u1eb7c ch\u1eef k\u00fd v\u1eadt l\u00fd c\u1ee7a b\u1ea1n. Sau khi nh\u1eadn \u0111\u01b0\u1ee3c th\u00f4ng b\u00e1o ph\u1ea3n \u0111\u1ed1i h\u1ee3p l\u1ec7, ch\u00fang t\u00f4i c\u00f3 th\u1ec3 kh\u00f4i ph\u1ee5c t\u00e0i li\u1ec7u \u0111\u00e3 x\u00f3a tr\u1eeb khi ng\u01b0\u1eddi khi\u1ebfu n\u1ea1i ban \u0111\u1ea7u \u0111\u1ec7 \u0111\u01a1n l\u00ean t\u00f2a \u00e1n ch\u1ed1ng l\u1ea1i b\u1ea1n trong v\u00f2ng 10 ng\u00e0y l\u00e0m vi\u1ec7c. Ch\u00fang t\u00f4i c\u00f3 quy\u1ec1n ch\u1ea5m d\u1ee9t t\u00e0i kho\u1ea3n c\u1ee7a nh\u1eefng ng\u01b0\u1eddi d\u00f9ng vi ph\u1ea1m nhi\u1ec1u l\u1ea7n. N\u1ebfu b\u1ea1n c\u00f3 th\u1eafc m\u1eafc v\u1ec1 ch\u00ednh s\u00e1ch n\u00e0y, vui l\u00f2ng li\u00ean h\u1ec7 v\u1edbi ch\u00fang t\u00f4i theo \u0111\u1ecba ch\u1ec9 [Th\u00f4ng tin li\u00ean h\u1ec7].<\/p>\t\t\t\t\t\t<\/div>\n\t\t\t\t<\/div>\n\t\t\t\t\t<\/div>\n\t\t\t\t<\/div>\n\t\t\t\t\t\t\t<\/div>","protected":false},"excerpt":{"rendered":"<p>DMCA Policy [Latina-Nudes.com] respects the intellectual property rights of others and complies with the Digital Millennium Copyright Act (DMCA). This policy outlines our process for addressing claims of copyright infringement. If you believe that your copyrighted work has been used on our website in a way that constitutes copyright infringement, please send a written notice&hellip; <br \/> <a class=\"read-more\" href=\"https:\/\/latina-nudes.com\/vi\/dmca\/\">Read more<\/a><\/p>","protected":false},"author":1,"featured_media":0,"parent":0,"menu_order":0,"comment_status":"closed","ping_status":"closed","template":"page-templates\/homepage.php","meta":{"footnotes":""},"aioseo_notices":[],"yoast_head":"<!-- This site is optimized with the Yoast SEO plugin v21.3 - https:\/\/yoast.com\/wordpress\/plugins\/seo\/ -->\n<title>DMCA Policy - latina-nudes.com<\/title>\n<meta name=\"robots\" content=\"index, follow, max-snippet:-1, max-image-preview:large, max-video-preview:-1\" \/>\n<link rel=\"canonical\" href=\"https:\/\/latina-nudes.com\/vi\/dmca\/\" \/>\n<meta property=\"og:locale\" content=\"vi_VN\" \/>\n<meta property=\"og:type\" content=\"article\" \/>\n<meta property=\"og:title\" content=\"DMCA Policy - latina-nudes.com\" \/>\n<meta property=\"og:description\" content=\"DMCA Policy [Latina-Nudes.com] respects the intellectual property rights of others and complies with the Digital Millennium Copyright Act (DMCA). This policy outlines our process for addressing claims of copyright infringement. If you believe that your copyrighted work has been used on our website in a way that constitutes copyright infringement, please send a written notice&hellip; Read more\" \/>\n<meta property=\"og:url\" content=\"https:\/\/latina-nudes.com\/vi\/dmca\/\" \/>\n<meta property=\"og:site_name\" content=\"latina-nudes.com\" \/>\n<meta property=\"article:modified_time\" content=\"2025-02-18T09:15:21+00:00\" \/>\n<meta property=\"og:image\" content=\"https:\/\/www.imglnkx.com\/6224\/000110AH_JRKM_18_ALL_EN_22646_L.jpg\" \/>\n<meta name=\"twitter:card\" content=\"summary_large_image\" \/>\n<meta name=\"twitter:label1\" content=\"\u01af\u1edbc t\u00ednh th\u1eddi gian \u0111\u1ecdc\" \/>\n\t<meta name=\"twitter:data1\" content=\"2 ph\u00fat\" \/>\n<script type=\"application\/ld+json\" class=\"yoast-schema-graph\">{\"@context\":\"https:\/\/schema.org\",\"@graph\":[{\"@type\":\"WebPage\",\"@id\":\"https:\/\/latina-nudes.com\/dmca\/\",\"url\":\"https:\/\/latina-nudes.com\/dmca\/\",\"name\":\"DMCA Policy - latina-nudes.com\",\"isPartOf\":{\"@id\":\"https:\/\/latina-nudes.com\/#website\"},\"datePublished\":\"2025-02-18T08:13:36+00:00\",\"dateModified\":\"2025-02-18T09:15:21+00:00\",\"breadcrumb\":{\"@id\":\"https:\/\/latina-nudes.com\/dmca\/#breadcrumb\"},\"inLanguage\":\"vi\",\"potentialAction\":[{\"@type\":\"ReadAction\",\"target\":[\"https:\/\/latina-nudes.com\/dmca\/\"]}]},{\"@type\":\"BreadcrumbList\",\"@id\":\"https:\/\/latina-nudes.com\/dmca\/#breadcrumb\",\"itemListElement\":[{\"@type\":\"ListItem\",\"position\":1,\"name\":\"Home\",\"item\":\"https:\/\/latina-nudes.com\/\"},{\"@type\":\"ListItem\",\"position\":2,\"name\":\"DMCA Policy\"}]},{\"@type\":\"WebSite\",\"@id\":\"https:\/\/latina-nudes.com\/#website\",\"url\":\"https:\/\/latina-nudes.com\/\",\"name\":\"latina-nudes.com\",\"description\":\"\",\"publisher\":{\"@id\":\"https:\/\/latina-nudes.com\/#organization\"},\"potentialAction\":[{\"@type\":\"SearchAction\",\"target\":{\"@type\":\"EntryPoint\",\"urlTemplate\":\"https:\/\/latina-nudes.com\/?s={search_term_string}\"},\"query-input\":\"required name=search_term_string\"}],\"inLanguage\":\"vi\"},{\"@type\":\"Organization\",\"@id\":\"https:\/\/latina-nudes.com\/#organization\",\"name\":\"latina-nudes.com\",\"url\":\"https:\/\/latina-nudes.com\/\",\"logo\":{\"@type\":\"ImageObject\",\"inLanguage\":\"vi\",\"@id\":\"https:\/\/latina-nudes.com\/#\/schema\/logo\/image\/\",\"url\":\"https:\/\/latina-nudes.com\/wp-content\/uploads\/2023\/10\/cropped-onlyfans-logo-C7DEFE44F5-seeklogo.com_.png\",\"contentUrl\":\"https:\/\/latina-nudes.com\/wp-content\/uploads\/2023\/10\/cropped-onlyfans-logo-C7DEFE44F5-seeklogo.com_.png\",\"width\":300,\"height\":201,\"caption\":\"latina-nudes.com\"},\"image\":{\"@id\":\"https:\/\/latina-nudes.com\/#\/schema\/logo\/image\/\"}}]}<\/script>\n<!-- \/ Yoast SEO plugin. -->","yoast_head_json":{"title":"DMCA Policy - latina-nudes.com","robots":{"index":"index","follow":"follow","max-snippet":"max-snippet:-1","max-image-preview":"max-image-preview:large","max-video-preview":"max-video-preview:-1"},"canonical":"https:\/\/latina-nudes.com\/vi\/dmca\/","og_locale":"vi_VN","og_type":"article","og_title":"DMCA Policy - latina-nudes.com","og_description":"DMCA Policy [Latina-Nudes.com] respects the intellectual property rights of others and complies with the Digital Millennium Copyright Act (DMCA). This policy outlines our process for addressing claims of copyright infringement. If you believe that your copyrighted work has been used on our website in a way that constitutes copyright infringement, please send a written notice&hellip; Read more","og_url":"https:\/\/latina-nudes.com\/vi\/dmca\/","og_site_name":"latina-nudes.com","article_modified_time":"2025-02-18T09:15:21+00:00","og_image":[{"url":"https:\/\/www.imglnkx.com\/6224\/000110AH_JRKM_18_ALL_EN_22646_L.jpg"}],"twitter_card":"summary_large_image","twitter_misc":{"\u01af\u1edbc t\u00ednh th\u1eddi gian \u0111\u1ecdc":"2 ph\u00fat"},"schema":{"@context":"https:\/\/schema.org","@graph":[{"@type":"WebPage","@id":"https:\/\/latina-nudes.com\/dmca\/","url":"https:\/\/latina-nudes.com\/dmca\/","name":"DMCA Policy - latina-nudes.com","isPartOf":{"@id":"https:\/\/latina-nudes.com\/#website"},"datePublished":"2025-02-18T08:13:36+00:00","dateModified":"2025-02-18T09:15:21+00:00","breadcrumb":{"@id":"https:\/\/latina-nudes.com\/dmca\/#breadcrumb"},"inLanguage":"vi","potentialAction":[{"@type":"ReadAction","target":["https:\/\/latina-nudes.com\/dmca\/"]}]},{"@type":"BreadcrumbList","@id":"https:\/\/latina-nudes.com\/dmca\/#breadcrumb","itemListElement":[{"@type":"ListItem","position":1,"name":"Home","item":"https:\/\/latina-nudes.com\/"},{"@type":"ListItem","position":2,"name":"DMCA Policy"}]},{"@type":"WebSite","@id":"https:\/\/latina-nudes.com\/#website","url":"https:\/\/latina-nudes.com\/","name":"latina-nudes.com","description":"","publisher":{"@id":"https:\/\/latina-nudes.com\/#organization"},"potentialAction":[{"@type":"SearchAction","target":{"@type":"EntryPoint","urlTemplate":"https:\/\/latina-nudes.com\/?s={search_term_string}"},"query-input":"required name=search_term_string"}],"inLanguage":"vi"},{"@type":"Organization","@id":"https:\/\/latina-nudes.com\/#organization","name":"latina-nudes.com","url":"https:\/\/latina-nudes.com\/","logo":{"@type":"ImageObject","inLanguage":"vi","@id":"https:\/\/latina-nudes.com\/#\/schema\/logo\/image\/","url":"https:\/\/latina-nudes.com\/wp-content\/uploads\/2023\/10\/cropped-onlyfans-logo-C7DEFE44F5-seeklogo.com_.png","contentUrl":"https:\/\/latina-nudes.com\/wp-content\/uploads\/2023\/10\/cropped-onlyfans-logo-C7DEFE44F5-seeklogo.com_.png","width":300,"height":201,"caption":"latina-nudes.com"},"image":{"@id":"https:\/\/latina-nudes.com\/#\/schema\/logo\/image\/"}}]}},"_links":{"self":[{"href":"https:\/\/latina-nudes.com\/vi\/wp-json\/wp\/v2\/pages\/1870"}],"collection":[{"href":"https:\/\/latina-nudes.com\/vi\/wp-json\/wp\/v2\/pages"}],"about":[{"href":"https:\/\/latina-nudes.com\/vi\/wp-json\/wp\/v2\/types\/page"}],"author":[{"embeddable":true,"href":"https:\/\/latina-nudes.com\/vi\/wp-json\/wp\/v2\/users\/1"}],"replies":[{"embeddable":true,"href":"https:\/\/latina-nudes.com\/vi\/wp-json\/wp\/v2\/comments?post=1870"}],"version-history":[{"count":13,"href":"https:\/\/latina-nudes.com\/vi\/wp-json\/wp\/v2\/pages\/1870\/revisions"}],"predecessor-version":[{"id":1885,"href":"https:\/\/latina-nudes.com\/vi\/wp-json\/wp\/v2\/pages\/1870\/revisions\/1885"}],"wp:attachment":[{"href":"https:\/\/latina-nudes.com\/vi\/wp-json\/wp\/v2\/media?parent=1870"}],"curies":[{"name":"wp","href":"https:\/\/api.w.org\/{rel}","templated":true}]}}