{"id":1870,"date":"2025-02-18T08:13:36","date_gmt":"2025-02-18T08:13:36","guid":{"rendered":"https:\/\/latina-nudes.com\/?page_id=1870"},"modified":"2025-02-18T09:15:21","modified_gmt":"2025-02-18T09:15:21","slug":"dmca","status":"publish","type":"page","link":"https:\/\/latina-nudes.com\/ro\/dmca\/","title":{"rendered":"DMCA Policy"},"content":{"rendered":"<div data-elementor-type=\"wp-page\" data-elementor-id=\"1870\" class=\"elementor elementor-1870\">\n\t\t\t\t\t\t\t<div class=\"elementor-element elementor-element-3b06b85 e-flex e-con-boxed e-con e-parent\" data-id=\"3b06b85\" data-element_type=\"container\" data-settings=\"{&quot;content_width&quot;:&quot;boxed&quot;}\" data-core-v316-plus=\"true\">\n\t\t\t\t\t<div class=\"e-con-inner\">\n\t\t\t\t<div class=\"elementor-element elementor-element-35c5c81 elementor-widget elementor-widget-shortcode\" data-id=\"35c5c81\" data-element_type=\"widget\" data-widget_type=\"shortcode.default\">\n\t\t\t\t<div class=\"elementor-widget-container\">\n\t\t\t\t\t<div class=\"elementor-shortcode\"><a href=\"https:\/\/t.ajrkm.link\/282210\/6224\/0?bo=2779,2778,2777,2776,2775&file_id=613080&po=6533&aff_sub5=SF_006OG000004lmDN&aff_sub4=AT_0002\"><img decoding=\"async\" loading=\"lazy\" src=\"https:\/\/www.imglnkx.com\/6224\/000110AH_JRKM_18_ALL_EN_22646_L.jpg\" width=\"970\" height=\"90\" border=\"0\" \/><\/a><\/div>\n\t\t\t\t<\/div>\n\t\t\t\t<\/div>\n\t\t\t\t\t<\/div>\n\t\t\t\t<\/div>\n\t\t<div class=\"elementor-element elementor-element-c5a6da0 e-flex e-con-boxed e-con e-parent\" data-id=\"c5a6da0\" data-element_type=\"container\" data-settings=\"{&quot;content_width&quot;:&quot;boxed&quot;}\" data-core-v316-plus=\"true\">\n\t\t\t\t\t<div class=\"e-con-inner\">\n\t\t\t\t<div class=\"elementor-element elementor-element-11a026a elementor-widget elementor-widget-text-editor\" data-id=\"11a026a\" data-element_type=\"widget\" data-widget_type=\"text-editor.default\">\n\t\t\t\t<div class=\"elementor-widget-container\">\n\t\t\t<style>\/*! elementor - v3.16.0 - 20-09-2023 *\/\n.elementor-widget-text-editor.elementor-drop-cap-view-stacked .elementor-drop-cap{background-color:#69727d;color:#fff}.elementor-widget-text-editor.elementor-drop-cap-view-framed .elementor-drop-cap{color:#69727d;border:3px solid;background-color:transparent}.elementor-widget-text-editor:not(.elementor-drop-cap-view-default) .elementor-drop-cap{margin-top:8px}.elementor-widget-text-editor:not(.elementor-drop-cap-view-default) .elementor-drop-cap-letter{width:1em;height:1em}.elementor-widget-text-editor .elementor-drop-cap{float:left;text-align:center;line-height:1;font-size:50px}.elementor-widget-text-editor .elementor-drop-cap-letter{display:inline-block}<\/style>\t\t\t\t<h1><center>DMCA Policy<\/center><\/h1>\n<p><\/p>\n<p>[Latina-Nudes.com] respect\u0103 drepturile de proprietate intelectual\u0103 ale altora \u0219i se conformeaz\u0103 Digital Millennium Copyright Act (DMCA). Aceast\u0103 politic\u0103 descrie procesul nostru de abordare a reclama\u021biilor privind \u00eenc\u0103lcarea drepturilor de autor. Dac\u0103 crede\u021bi c\u0103 lucrarea dvs. protejat\u0103 de drepturi de autor a fost utilizat\u0103 pe site-ul nostru \u00eentr-un mod care constituie o \u00eenc\u0103lcare a drepturilor de autor, v\u0103 rug\u0103m s\u0103 trimite\u021bi o notificare scris\u0103 c\u0103tre agentul nostru desemnat pentru drepturile de autor care s\u0103 includ\u0103 urm\u0103toarele informa\u021bii: Datele dvs. de contact (nume, adres\u0103, num\u0103r de telefon \u0219i e-mail), descrierea lucr\u0103rii protejate de drepturi de autor despre care crede\u021bi c\u0103 a fost \u00eenc\u0103lcat\u0103. URL-ul sau loca\u021bia specific\u0103 a materialului de pe site-ul nostru despre care afirma\u021bi c\u0103 este \u00eenc\u0103lcat. O declara\u021bie c\u0103 ave\u021bi convingerea de bun\u0103 credin\u021b\u0103 c\u0103 utilizarea nu este autorizat\u0103. O declara\u021bie, sub sanc\u021biunea sperjurului, c\u0103 informa\u021biile pe care le furniza\u021bi sunt exacte \u0219i c\u0103 sunte\u021bi titularul drepturilor de autor sau autorizat s\u0103 ac\u021biona\u021bi \u00een numele acestuia. Semn\u0103tura dumneavoastr\u0103 fizic\u0103 sau electronic\u0103. Trimite\u021bi notificarea dvs. DMCA la:<\/p>\n<p>[info@latina-nudes.com]<\/p>\n<p>Dac\u0103 crede\u021bi c\u0103 materialul pe care l-a\u021bi postat pe site-ul nostru a fost eliminat din gre\u0219eal\u0103 sau prin identificare eronat\u0103, pute\u021bi trimite o contra-notificare agentului nostru desemnat pentru drepturile de autor. Contra-notificarea dvs. trebuie s\u0103 includ\u0103: Datele dvs. de contact (nume, adres\u0103, num\u0103r de telefon \u0219i e-mail). Identificarea materialului \u0219i a loca\u021biei acestuia \u00eenainte de eliminare. O declara\u021bie, sub sanc\u021biunea sperjurului, c\u0103 materialul a fost eliminat din gre\u0219eal\u0103 sau din eroare de identificare. O declara\u021bie c\u0103 sunte\u021bi de acord cu jurisdic\u021bia instan\u021bei federale din districtul dumneavoastr\u0103 sau, dac\u0103 sunte\u021bi \u00een afara Statelor Unite, sunte\u021bi de acord cu jurisdic\u021bia instan\u021belor din [State, USA]. Semn\u0103tura dumneavoastr\u0103 fizic\u0103 sau electronic\u0103. La primirea unei contra-notific\u0103ri valabile, putem restabili materialul eliminat, cu excep\u021bia cazului \u00een care reclamantul ini\u021bial depune un ordin judec\u0103toresc \u00eempotriva dvs. \u00een termen de 10 zile lucr\u0103toare. Ne rezerv\u0103m dreptul de a \u00eenchide conturile utilizatorilor care \u00eencalc\u0103 legea \u00een mod repetat. Dac\u0103 ave\u021bi \u00eentreb\u0103ri cu privire la aceast\u0103 politic\u0103, v\u0103 rug\u0103m s\u0103 ne contacta\u021bi la [Informa\u021bii de contact].<\/p>\t\t\t\t\t\t<\/div>\n\t\t\t\t<\/div>\n\t\t\t\t\t<\/div>\n\t\t\t\t<\/div>\n\t\t\t\t\t\t\t<\/div>","protected":false},"excerpt":{"rendered":"<p>DMCA Policy [Latina-Nudes.com] respects the intellectual property rights of others and complies with the Digital Millennium Copyright Act (DMCA). This policy outlines our process for addressing claims of copyright infringement. If you believe that your copyrighted work has been used on our website in a way that constitutes copyright infringement, please send a written notice&hellip; <br \/> <a class=\"read-more\" href=\"https:\/\/latina-nudes.com\/ro\/dmca\/\">Cite\u0219te mai mult<\/a><\/p>","protected":false},"author":1,"featured_media":0,"parent":0,"menu_order":0,"comment_status":"closed","ping_status":"closed","template":"page-templates\/homepage.php","meta":{"footnotes":""},"aioseo_notices":[],"yoast_head":"<!-- This site is optimized with the Yoast SEO plugin v21.3 - https:\/\/yoast.com\/wordpress\/plugins\/seo\/ -->\n<title>DMCA Policy - latina-nudes.com<\/title>\n<meta name=\"robots\" content=\"index, follow, max-snippet:-1, max-image-preview:large, max-video-preview:-1\" \/>\n<link rel=\"canonical\" href=\"https:\/\/latina-nudes.com\/ro\/dmca\/\" \/>\n<meta property=\"og:locale\" content=\"ro_RO\" \/>\n<meta property=\"og:type\" content=\"article\" \/>\n<meta property=\"og:title\" content=\"DMCA Policy - latina-nudes.com\" \/>\n<meta property=\"og:description\" content=\"DMCA Policy [Latina-Nudes.com] respects the intellectual property rights of others and complies with the Digital Millennium Copyright Act (DMCA). This policy outlines our process for addressing claims of copyright infringement. If you believe that your copyrighted work has been used on our website in a way that constitutes copyright infringement, please send a written notice&hellip; Cite\u0219te mai mult\" \/>\n<meta property=\"og:url\" content=\"https:\/\/latina-nudes.com\/ro\/dmca\/\" \/>\n<meta property=\"og:site_name\" content=\"latina-nudes.com\" \/>\n<meta property=\"article:modified_time\" content=\"2025-02-18T09:15:21+00:00\" \/>\n<meta property=\"og:image\" content=\"https:\/\/www.imglnkx.com\/6224\/000110AH_JRKM_18_ALL_EN_22646_L.jpg\" \/>\n<meta name=\"twitter:card\" content=\"summary_large_image\" \/>\n<meta name=\"twitter:label1\" content=\"Timp estimat pentru citire\" \/>\n\t<meta name=\"twitter:data1\" content=\"2 minute\" \/>\n<script type=\"application\/ld+json\" class=\"yoast-schema-graph\">{\"@context\":\"https:\/\/schema.org\",\"@graph\":[{\"@type\":\"WebPage\",\"@id\":\"https:\/\/latina-nudes.com\/dmca\/\",\"url\":\"https:\/\/latina-nudes.com\/dmca\/\",\"name\":\"DMCA Policy - latina-nudes.com\",\"isPartOf\":{\"@id\":\"https:\/\/latina-nudes.com\/#website\"},\"datePublished\":\"2025-02-18T08:13:36+00:00\",\"dateModified\":\"2025-02-18T09:15:21+00:00\",\"breadcrumb\":{\"@id\":\"https:\/\/latina-nudes.com\/dmca\/#breadcrumb\"},\"inLanguage\":\"ro-RO\",\"potentialAction\":[{\"@type\":\"ReadAction\",\"target\":[\"https:\/\/latina-nudes.com\/dmca\/\"]}]},{\"@type\":\"BreadcrumbList\",\"@id\":\"https:\/\/latina-nudes.com\/dmca\/#breadcrumb\",\"itemListElement\":[{\"@type\":\"ListItem\",\"position\":1,\"name\":\"Home\",\"item\":\"https:\/\/latina-nudes.com\/\"},{\"@type\":\"ListItem\",\"position\":2,\"name\":\"DMCA Policy\"}]},{\"@type\":\"WebSite\",\"@id\":\"https:\/\/latina-nudes.com\/#website\",\"url\":\"https:\/\/latina-nudes.com\/\",\"name\":\"latina-nudes.com\",\"description\":\"\",\"publisher\":{\"@id\":\"https:\/\/latina-nudes.com\/#organization\"},\"potentialAction\":[{\"@type\":\"SearchAction\",\"target\":{\"@type\":\"EntryPoint\",\"urlTemplate\":\"https:\/\/latina-nudes.com\/?s={search_term_string}\"},\"query-input\":\"required name=search_term_string\"}],\"inLanguage\":\"ro-RO\"},{\"@type\":\"Organization\",\"@id\":\"https:\/\/latina-nudes.com\/#organization\",\"name\":\"latina-nudes.com\",\"url\":\"https:\/\/latina-nudes.com\/\",\"logo\":{\"@type\":\"ImageObject\",\"inLanguage\":\"ro-RO\",\"@id\":\"https:\/\/latina-nudes.com\/#\/schema\/logo\/image\/\",\"url\":\"https:\/\/latina-nudes.com\/wp-content\/uploads\/2023\/10\/cropped-onlyfans-logo-C7DEFE44F5-seeklogo.com_.png\",\"contentUrl\":\"https:\/\/latina-nudes.com\/wp-content\/uploads\/2023\/10\/cropped-onlyfans-logo-C7DEFE44F5-seeklogo.com_.png\",\"width\":300,\"height\":201,\"caption\":\"latina-nudes.com\"},\"image\":{\"@id\":\"https:\/\/latina-nudes.com\/#\/schema\/logo\/image\/\"}}]}<\/script>\n<!-- \/ Yoast SEO plugin. -->","yoast_head_json":{"title":"DMCA Policy - latina-nudes.com","robots":{"index":"index","follow":"follow","max-snippet":"max-snippet:-1","max-image-preview":"max-image-preview:large","max-video-preview":"max-video-preview:-1"},"canonical":"https:\/\/latina-nudes.com\/ro\/dmca\/","og_locale":"ro_RO","og_type":"article","og_title":"DMCA Policy - latina-nudes.com","og_description":"DMCA Policy [Latina-Nudes.com] respects the intellectual property rights of others and complies with the Digital Millennium Copyright Act (DMCA). This policy outlines our process for addressing claims of copyright infringement. If you believe that your copyrighted work has been used on our website in a way that constitutes copyright infringement, please send a written notice&hellip; Cite\u0219te mai mult","og_url":"https:\/\/latina-nudes.com\/ro\/dmca\/","og_site_name":"latina-nudes.com","article_modified_time":"2025-02-18T09:15:21+00:00","og_image":[{"url":"https:\/\/www.imglnkx.com\/6224\/000110AH_JRKM_18_ALL_EN_22646_L.jpg"}],"twitter_card":"summary_large_image","twitter_misc":{"Timp estimat pentru citire":"2 minute"},"schema":{"@context":"https:\/\/schema.org","@graph":[{"@type":"WebPage","@id":"https:\/\/latina-nudes.com\/dmca\/","url":"https:\/\/latina-nudes.com\/dmca\/","name":"DMCA Policy - latina-nudes.com","isPartOf":{"@id":"https:\/\/latina-nudes.com\/#website"},"datePublished":"2025-02-18T08:13:36+00:00","dateModified":"2025-02-18T09:15:21+00:00","breadcrumb":{"@id":"https:\/\/latina-nudes.com\/dmca\/#breadcrumb"},"inLanguage":"ro-RO","potentialAction":[{"@type":"ReadAction","target":["https:\/\/latina-nudes.com\/dmca\/"]}]},{"@type":"BreadcrumbList","@id":"https:\/\/latina-nudes.com\/dmca\/#breadcrumb","itemListElement":[{"@type":"ListItem","position":1,"name":"Home","item":"https:\/\/latina-nudes.com\/"},{"@type":"ListItem","position":2,"name":"DMCA Policy"}]},{"@type":"WebSite","@id":"https:\/\/latina-nudes.com\/#website","url":"https:\/\/latina-nudes.com\/","name":"latina-nudes.com","description":"","publisher":{"@id":"https:\/\/latina-nudes.com\/#organization"},"potentialAction":[{"@type":"SearchAction","target":{"@type":"EntryPoint","urlTemplate":"https:\/\/latina-nudes.com\/?s={search_term_string}"},"query-input":"required name=search_term_string"}],"inLanguage":"ro-RO"},{"@type":"Organization","@id":"https:\/\/latina-nudes.com\/#organization","name":"latina-nudes.com","url":"https:\/\/latina-nudes.com\/","logo":{"@type":"ImageObject","inLanguage":"ro-RO","@id":"https:\/\/latina-nudes.com\/#\/schema\/logo\/image\/","url":"https:\/\/latina-nudes.com\/wp-content\/uploads\/2023\/10\/cropped-onlyfans-logo-C7DEFE44F5-seeklogo.com_.png","contentUrl":"https:\/\/latina-nudes.com\/wp-content\/uploads\/2023\/10\/cropped-onlyfans-logo-C7DEFE44F5-seeklogo.com_.png","width":300,"height":201,"caption":"latina-nudes.com"},"image":{"@id":"https:\/\/latina-nudes.com\/#\/schema\/logo\/image\/"}}]}},"_links":{"self":[{"href":"https:\/\/latina-nudes.com\/ro\/wp-json\/wp\/v2\/pages\/1870"}],"collection":[{"href":"https:\/\/latina-nudes.com\/ro\/wp-json\/wp\/v2\/pages"}],"about":[{"href":"https:\/\/latina-nudes.com\/ro\/wp-json\/wp\/v2\/types\/page"}],"author":[{"embeddable":true,"href":"https:\/\/latina-nudes.com\/ro\/wp-json\/wp\/v2\/users\/1"}],"replies":[{"embeddable":true,"href":"https:\/\/latina-nudes.com\/ro\/wp-json\/wp\/v2\/comments?post=1870"}],"version-history":[{"count":13,"href":"https:\/\/latina-nudes.com\/ro\/wp-json\/wp\/v2\/pages\/1870\/revisions"}],"predecessor-version":[{"id":1885,"href":"https:\/\/latina-nudes.com\/ro\/wp-json\/wp\/v2\/pages\/1870\/revisions\/1885"}],"wp:attachment":[{"href":"https:\/\/latina-nudes.com\/ro\/wp-json\/wp\/v2\/media?parent=1870"}],"curies":[{"name":"wp","href":"https:\/\/api.w.org\/{rel}","templated":true}]}}