{"id":1870,"date":"2025-02-18T08:13:36","date_gmt":"2025-02-18T08:13:36","guid":{"rendered":"https:\/\/latina-nudes.com\/?page_id=1870"},"modified":"2025-02-18T09:15:21","modified_gmt":"2025-02-18T09:15:21","slug":"dmca","status":"publish","type":"page","link":"https:\/\/latina-nudes.com\/fr\/dmca\/","title":{"rendered":"DMCA Policy"},"content":{"rendered":"<div data-elementor-type=\"wp-page\" data-elementor-id=\"1870\" class=\"elementor elementor-1870\">\n\t\t\t\t\t\t\t<div class=\"elementor-element elementor-element-3b06b85 e-flex e-con-boxed e-con e-parent\" data-id=\"3b06b85\" data-element_type=\"container\" data-settings=\"{&quot;content_width&quot;:&quot;boxed&quot;}\" data-core-v316-plus=\"true\">\n\t\t\t\t\t<div class=\"e-con-inner\">\n\t\t\t\t<div class=\"elementor-element elementor-element-35c5c81 elementor-widget elementor-widget-shortcode\" data-id=\"35c5c81\" data-element_type=\"widget\" data-widget_type=\"shortcode.default\">\n\t\t\t\t<div class=\"elementor-widget-container\">\n\t\t\t\t\t<div class=\"elementor-shortcode\"><a href=\"https:\/\/t.ajrkm.link\/282210\/6224\/0?bo=2779,2778,2777,2776,2775&file_id=613080&po=6533&aff_sub5=SF_006OG000004lmDN&aff_sub4=AT_0002\"><img decoding=\"async\" loading=\"lazy\" src=\"https:\/\/www.imglnkx.com\/6224\/000110AH_JRKM_18_ALL_EN_22646_L.jpg\" width=\"970\" height=\"90\" border=\"0\" \/><\/a><\/div>\n\t\t\t\t<\/div>\n\t\t\t\t<\/div>\n\t\t\t\t\t<\/div>\n\t\t\t\t<\/div>\n\t\t<div class=\"elementor-element elementor-element-c5a6da0 e-flex e-con-boxed e-con e-parent\" data-id=\"c5a6da0\" data-element_type=\"container\" data-settings=\"{&quot;content_width&quot;:&quot;boxed&quot;}\" data-core-v316-plus=\"true\">\n\t\t\t\t\t<div class=\"e-con-inner\">\n\t\t\t\t<div class=\"elementor-element elementor-element-11a026a elementor-widget elementor-widget-text-editor\" data-id=\"11a026a\" data-element_type=\"widget\" data-widget_type=\"text-editor.default\">\n\t\t\t\t<div class=\"elementor-widget-container\">\n\t\t\t<style>\/*! elementor - v3.16.0 - 20-09-2023 *\/\n.elementor-widget-text-editor.elementor-drop-cap-view-stacked .elementor-drop-cap{background-color:#69727d;color:#fff}.elementor-widget-text-editor.elementor-drop-cap-view-framed .elementor-drop-cap{color:#69727d;border:3px solid;background-color:transparent}.elementor-widget-text-editor:not(.elementor-drop-cap-view-default) .elementor-drop-cap{margin-top:8px}.elementor-widget-text-editor:not(.elementor-drop-cap-view-default) .elementor-drop-cap-letter{width:1em;height:1em}.elementor-widget-text-editor .elementor-drop-cap{float:left;text-align:center;line-height:1;font-size:50px}.elementor-widget-text-editor .elementor-drop-cap-letter{display:inline-block}<\/style>\t\t\t\t<h1><center>DMCA Policy<\/center><\/h1>\n<p><\/p>\n<p>[Latina-Nudes.com] respecte les droits de propri\u00e9t\u00e9 intellectuelle d'autrui et se conforme au Digital Millennium Copyright Act (DMCA). La pr\u00e9sente politique d\u00e9crit notre proc\u00e9dure de traitement des plaintes pour violation des droits d'auteur. Si vous pensez que votre travail prot\u00e9g\u00e9 par des droits d'auteur a \u00e9t\u00e9 utilis\u00e9 sur notre site web d'une mani\u00e8re qui constitue une violation des droits d'auteur, veuillez envoyer un avis \u00e9crit \u00e0 notre agent d\u00e9sign\u00e9 pour les droits d'auteur, en incluant les informations suivantes : Vos coordonn\u00e9es (nom, adresse, num\u00e9ro de t\u00e9l\u00e9phone et adresse \u00e9lectronique), la description de l'\u0153uvre prot\u00e9g\u00e9e par des droits d'auteur dont vous estimez qu'elle a \u00e9t\u00e9 viol\u00e9e. L'URL ou l'emplacement sp\u00e9cifique du mat\u00e9riel sur notre site web qui, selon vous, est en infraction. Une d\u00e9claration indiquant que vous pensez de bonne foi que l'utilisation n'est pas autoris\u00e9e. Une d\u00e9claration, sous peine de parjure, selon laquelle les informations que vous fournissez sont exactes et que vous \u00eates le d\u00e9tenteur des droits d'auteur ou autoris\u00e9 \u00e0 agir en son nom. Votre signature physique ou \u00e9lectronique. Envoyez votre notification DMCA \u00e0<\/p>\n<p>[info@latina-nudes.com]<\/p>\n<p>Si vous pensez que le mat\u00e9riel que vous avez publi\u00e9 sur notre site web a \u00e9t\u00e9 supprim\u00e9 par erreur ou par m\u00e9connaissance, vous pouvez soumettre une contre-notification \u00e0 notre agent d\u00e9sign\u00e9 pour les droits d'auteur. Votre contre-notification doit inclure Vos coordonn\u00e9es (nom, adresse, num\u00e9ro de t\u00e9l\u00e9phone et courriel). L'identification du mat\u00e9riel et de son emplacement avant le retrait. Une d\u00e9claration, sous peine de parjure, indiquant que le mat\u00e9riel a \u00e9t\u00e9 retir\u00e9 par erreur ou par mauvaise identification. Une d\u00e9claration selon laquelle vous acceptez la juridiction du tribunal f\u00e9d\u00e9ral de votre district ou, si vous \u00eates en dehors des \u00c9tats-Unis, vous acceptez la juridiction des tribunaux de [\u00c9tat, \u00c9tats-Unis]. Votre signature physique ou \u00e9lectronique. D\u00e8s r\u00e9ception d'une contre-notification valable, nous pouvons r\u00e9tablir le mat\u00e9riel supprim\u00e9, \u00e0 moins que le plaignant initial ne d\u00e9pose une ordonnance judiciaire \u00e0 votre encontre dans un d\u00e9lai de 10 jours ouvrables. Nous nous r\u00e9servons le droit de fermer les comptes des utilisateurs qui sont des contrefacteurs r\u00e9cidivistes. Si vous avez des questions concernant cette politique, veuillez nous contacter \u00e0 l'adresse suivante : [Coordonn\u00e9es].<\/p>\t\t\t\t\t\t<\/div>\n\t\t\t\t<\/div>\n\t\t\t\t\t<\/div>\n\t\t\t\t<\/div>\n\t\t\t\t\t\t\t<\/div>","protected":false},"excerpt":{"rendered":"<p>DMCA Policy [Latina-Nudes.com] respects the intellectual property rights of others and complies with the Digital Millennium Copyright Act (DMCA). This policy outlines our process for addressing claims of copyright infringement. If you believe that your copyrighted work has been used on our website in a way that constitutes copyright infringement, please send a written notice&hellip; <br \/> <a class=\"read-more\" href=\"https:\/\/latina-nudes.com\/fr\/dmca\/\">Lire la suite<\/a><\/p>","protected":false},"author":1,"featured_media":0,"parent":0,"menu_order":0,"comment_status":"closed","ping_status":"closed","template":"page-templates\/homepage.php","meta":{"footnotes":""},"aioseo_notices":[],"yoast_head":"<!-- This site is optimized with the Yoast SEO plugin v21.3 - https:\/\/yoast.com\/wordpress\/plugins\/seo\/ -->\n<title>DMCA Policy - latina-nudes.com<\/title>\n<meta name=\"robots\" content=\"index, follow, max-snippet:-1, max-image-preview:large, max-video-preview:-1\" \/>\n<link rel=\"canonical\" href=\"https:\/\/latina-nudes.com\/fr\/dmca\/\" \/>\n<meta property=\"og:locale\" content=\"fr_FR\" \/>\n<meta property=\"og:type\" content=\"article\" \/>\n<meta property=\"og:title\" content=\"DMCA Policy - latina-nudes.com\" \/>\n<meta property=\"og:description\" content=\"DMCA Policy [Latina-Nudes.com] respects the intellectual property rights of others and complies with the Digital Millennium Copyright Act (DMCA). This policy outlines our process for addressing claims of copyright infringement. If you believe that your copyrighted work has been used on our website in a way that constitutes copyright infringement, please send a written notice&hellip; Lire la suite\" \/>\n<meta property=\"og:url\" content=\"https:\/\/latina-nudes.com\/fr\/dmca\/\" \/>\n<meta property=\"og:site_name\" content=\"latina-nudes.com\" \/>\n<meta property=\"article:modified_time\" content=\"2025-02-18T09:15:21+00:00\" \/>\n<meta property=\"og:image\" content=\"https:\/\/www.imglnkx.com\/6224\/000110AH_JRKM_18_ALL_EN_22646_L.jpg\" \/>\n<meta name=\"twitter:card\" content=\"summary_large_image\" \/>\n<meta name=\"twitter:label1\" content=\"Dur\u00e9e de lecture estim\u00e9e\" \/>\n\t<meta name=\"twitter:data1\" content=\"2 minutes\" \/>\n<script type=\"application\/ld+json\" class=\"yoast-schema-graph\">{\"@context\":\"https:\/\/schema.org\",\"@graph\":[{\"@type\":\"WebPage\",\"@id\":\"https:\/\/latina-nudes.com\/dmca\/\",\"url\":\"https:\/\/latina-nudes.com\/dmca\/\",\"name\":\"DMCA Policy - latina-nudes.com\",\"isPartOf\":{\"@id\":\"https:\/\/latina-nudes.com\/#website\"},\"datePublished\":\"2025-02-18T08:13:36+00:00\",\"dateModified\":\"2025-02-18T09:15:21+00:00\",\"breadcrumb\":{\"@id\":\"https:\/\/latina-nudes.com\/dmca\/#breadcrumb\"},\"inLanguage\":\"fr-FR\",\"potentialAction\":[{\"@type\":\"ReadAction\",\"target\":[\"https:\/\/latina-nudes.com\/dmca\/\"]}]},{\"@type\":\"BreadcrumbList\",\"@id\":\"https:\/\/latina-nudes.com\/dmca\/#breadcrumb\",\"itemListElement\":[{\"@type\":\"ListItem\",\"position\":1,\"name\":\"Home\",\"item\":\"https:\/\/latina-nudes.com\/\"},{\"@type\":\"ListItem\",\"position\":2,\"name\":\"DMCA Policy\"}]},{\"@type\":\"WebSite\",\"@id\":\"https:\/\/latina-nudes.com\/#website\",\"url\":\"https:\/\/latina-nudes.com\/\",\"name\":\"latina-nudes.com\",\"description\":\"\",\"publisher\":{\"@id\":\"https:\/\/latina-nudes.com\/#organization\"},\"potentialAction\":[{\"@type\":\"SearchAction\",\"target\":{\"@type\":\"EntryPoint\",\"urlTemplate\":\"https:\/\/latina-nudes.com\/?s={search_term_string}\"},\"query-input\":\"required name=search_term_string\"}],\"inLanguage\":\"fr-FR\"},{\"@type\":\"Organization\",\"@id\":\"https:\/\/latina-nudes.com\/#organization\",\"name\":\"latina-nudes.com\",\"url\":\"https:\/\/latina-nudes.com\/\",\"logo\":{\"@type\":\"ImageObject\",\"inLanguage\":\"fr-FR\",\"@id\":\"https:\/\/latina-nudes.com\/#\/schema\/logo\/image\/\",\"url\":\"https:\/\/latina-nudes.com\/wp-content\/uploads\/2023\/10\/cropped-onlyfans-logo-C7DEFE44F5-seeklogo.com_.png\",\"contentUrl\":\"https:\/\/latina-nudes.com\/wp-content\/uploads\/2023\/10\/cropped-onlyfans-logo-C7DEFE44F5-seeklogo.com_.png\",\"width\":300,\"height\":201,\"caption\":\"latina-nudes.com\"},\"image\":{\"@id\":\"https:\/\/latina-nudes.com\/#\/schema\/logo\/image\/\"}}]}<\/script>\n<!-- \/ Yoast SEO plugin. -->","yoast_head_json":{"title":"DMCA Policy - latina-nudes.com","robots":{"index":"index","follow":"follow","max-snippet":"max-snippet:-1","max-image-preview":"max-image-preview:large","max-video-preview":"max-video-preview:-1"},"canonical":"https:\/\/latina-nudes.com\/fr\/dmca\/","og_locale":"fr_FR","og_type":"article","og_title":"DMCA Policy - latina-nudes.com","og_description":"DMCA Policy [Latina-Nudes.com] respects the intellectual property rights of others and complies with the Digital Millennium Copyright Act (DMCA). This policy outlines our process for addressing claims of copyright infringement. If you believe that your copyrighted work has been used on our website in a way that constitutes copyright infringement, please send a written notice&hellip; Lire la suite","og_url":"https:\/\/latina-nudes.com\/fr\/dmca\/","og_site_name":"latina-nudes.com","article_modified_time":"2025-02-18T09:15:21+00:00","og_image":[{"url":"https:\/\/www.imglnkx.com\/6224\/000110AH_JRKM_18_ALL_EN_22646_L.jpg"}],"twitter_card":"summary_large_image","twitter_misc":{"Dur\u00e9e de lecture estim\u00e9e":"2 minutes"},"schema":{"@context":"https:\/\/schema.org","@graph":[{"@type":"WebPage","@id":"https:\/\/latina-nudes.com\/dmca\/","url":"https:\/\/latina-nudes.com\/dmca\/","name":"DMCA Policy - latina-nudes.com","isPartOf":{"@id":"https:\/\/latina-nudes.com\/#website"},"datePublished":"2025-02-18T08:13:36+00:00","dateModified":"2025-02-18T09:15:21+00:00","breadcrumb":{"@id":"https:\/\/latina-nudes.com\/dmca\/#breadcrumb"},"inLanguage":"fr-FR","potentialAction":[{"@type":"ReadAction","target":["https:\/\/latina-nudes.com\/dmca\/"]}]},{"@type":"BreadcrumbList","@id":"https:\/\/latina-nudes.com\/dmca\/#breadcrumb","itemListElement":[{"@type":"ListItem","position":1,"name":"Home","item":"https:\/\/latina-nudes.com\/"},{"@type":"ListItem","position":2,"name":"DMCA Policy"}]},{"@type":"WebSite","@id":"https:\/\/latina-nudes.com\/#website","url":"https:\/\/latina-nudes.com\/","name":"latina-nudes.com","description":"","publisher":{"@id":"https:\/\/latina-nudes.com\/#organization"},"potentialAction":[{"@type":"SearchAction","target":{"@type":"EntryPoint","urlTemplate":"https:\/\/latina-nudes.com\/?s={search_term_string}"},"query-input":"required name=search_term_string"}],"inLanguage":"fr-FR"},{"@type":"Organization","@id":"https:\/\/latina-nudes.com\/#organization","name":"latina-nudes.com","url":"https:\/\/latina-nudes.com\/","logo":{"@type":"ImageObject","inLanguage":"fr-FR","@id":"https:\/\/latina-nudes.com\/#\/schema\/logo\/image\/","url":"https:\/\/latina-nudes.com\/wp-content\/uploads\/2023\/10\/cropped-onlyfans-logo-C7DEFE44F5-seeklogo.com_.png","contentUrl":"https:\/\/latina-nudes.com\/wp-content\/uploads\/2023\/10\/cropped-onlyfans-logo-C7DEFE44F5-seeklogo.com_.png","width":300,"height":201,"caption":"latina-nudes.com"},"image":{"@id":"https:\/\/latina-nudes.com\/#\/schema\/logo\/image\/"}}]}},"_links":{"self":[{"href":"https:\/\/latina-nudes.com\/fr\/wp-json\/wp\/v2\/pages\/1870"}],"collection":[{"href":"https:\/\/latina-nudes.com\/fr\/wp-json\/wp\/v2\/pages"}],"about":[{"href":"https:\/\/latina-nudes.com\/fr\/wp-json\/wp\/v2\/types\/page"}],"author":[{"embeddable":true,"href":"https:\/\/latina-nudes.com\/fr\/wp-json\/wp\/v2\/users\/1"}],"replies":[{"embeddable":true,"href":"https:\/\/latina-nudes.com\/fr\/wp-json\/wp\/v2\/comments?post=1870"}],"version-history":[{"count":13,"href":"https:\/\/latina-nudes.com\/fr\/wp-json\/wp\/v2\/pages\/1870\/revisions"}],"predecessor-version":[{"id":1885,"href":"https:\/\/latina-nudes.com\/fr\/wp-json\/wp\/v2\/pages\/1870\/revisions\/1885"}],"wp:attachment":[{"href":"https:\/\/latina-nudes.com\/fr\/wp-json\/wp\/v2\/media?parent=1870"}],"curies":[{"name":"wp","href":"https:\/\/api.w.org\/{rel}","templated":true}]}}