{"id":1870,"date":"2025-02-18T08:13:36","date_gmt":"2025-02-18T08:13:36","guid":{"rendered":"https:\/\/latina-nudes.com\/?page_id=1870"},"modified":"2025-02-18T09:15:21","modified_gmt":"2025-02-18T09:15:21","slug":"dmca","status":"publish","type":"page","link":"https:\/\/latina-nudes.com\/da\/dmca\/","title":{"rendered":"DMCA Policy"},"content":{"rendered":"<div data-elementor-type=\"wp-page\" data-elementor-id=\"1870\" class=\"elementor elementor-1870\">\n\t\t\t\t\t\t\t<div class=\"elementor-element elementor-element-3b06b85 e-flex e-con-boxed e-con e-parent\" data-id=\"3b06b85\" data-element_type=\"container\" data-settings=\"{&quot;content_width&quot;:&quot;boxed&quot;}\" data-core-v316-plus=\"true\">\n\t\t\t\t\t<div class=\"e-con-inner\">\n\t\t\t\t<div class=\"elementor-element elementor-element-35c5c81 elementor-widget elementor-widget-shortcode\" data-id=\"35c5c81\" data-element_type=\"widget\" data-widget_type=\"shortcode.default\">\n\t\t\t\t<div class=\"elementor-widget-container\">\n\t\t\t\t\t<div class=\"elementor-shortcode\"><a href=\"https:\/\/t.ajrkm.link\/282210\/6224\/0?bo=2779,2778,2777,2776,2775&file_id=613080&po=6533&aff_sub5=SF_006OG000004lmDN&aff_sub4=AT_0002\"><img decoding=\"async\" loading=\"lazy\" src=\"https:\/\/www.imglnkx.com\/6224\/000110AH_JRKM_18_ALL_EN_22646_L.jpg\" width=\"970\" height=\"90\" border=\"0\" \/><\/a><\/div>\n\t\t\t\t<\/div>\n\t\t\t\t<\/div>\n\t\t\t\t\t<\/div>\n\t\t\t\t<\/div>\n\t\t<div class=\"elementor-element elementor-element-c5a6da0 e-flex e-con-boxed e-con e-parent\" data-id=\"c5a6da0\" data-element_type=\"container\" data-settings=\"{&quot;content_width&quot;:&quot;boxed&quot;}\" data-core-v316-plus=\"true\">\n\t\t\t\t\t<div class=\"e-con-inner\">\n\t\t\t\t<div class=\"elementor-element elementor-element-11a026a elementor-widget elementor-widget-text-editor\" data-id=\"11a026a\" data-element_type=\"widget\" data-widget_type=\"text-editor.default\">\n\t\t\t\t<div class=\"elementor-widget-container\">\n\t\t\t<style>\/*! elementor - v3.16.0 - 20-09-2023 *\/\n.elementor-widget-text-editor.elementor-drop-cap-view-stacked .elementor-drop-cap{background-color:#69727d;color:#fff}.elementor-widget-text-editor.elementor-drop-cap-view-framed .elementor-drop-cap{color:#69727d;border:3px solid;background-color:transparent}.elementor-widget-text-editor:not(.elementor-drop-cap-view-default) .elementor-drop-cap{margin-top:8px}.elementor-widget-text-editor:not(.elementor-drop-cap-view-default) .elementor-drop-cap-letter{width:1em;height:1em}.elementor-widget-text-editor .elementor-drop-cap{float:left;text-align:center;line-height:1;font-size:50px}.elementor-widget-text-editor .elementor-drop-cap-letter{display:inline-block}<\/style>\t\t\t\t<h1><center>DMCA Policy<\/center><\/h1>\n<p><\/p>\n<p>[Latina-Nudes.com] respekterer andres intellektuelle ejendomsrettigheder og overholder Digital Millennium Copyright Act (DMCA). Denne politik skitserer vores proces for behandling af p\u00e5stande om kr\u00e6nkelse af ophavsretten. Hvis du mener, at dit ophavsretligt beskyttede arbejde er blevet brugt p\u00e5 vores websted p\u00e5 en m\u00e5de, der udg\u00f8r en kr\u00e6nkelse af ophavsretten, bedes du sende en skriftlig meddelelse til vores udpegede ophavsretsagent, der indeholder f\u00f8lgende oplysninger: Dine kontaktoplysninger (navn, adresse, telefonnummer og e-mail), beskrivelse af det ophavsretligt beskyttede v\u00e6rk, som du mener er blevet kr\u00e6nket. URL'en eller den specifikke placering af det materiale p\u00e5 vores hjemmeside, som du h\u00e6vder er kr\u00e6nkende. En erkl\u00e6ring om, at du i god tro mener, at brugen er uautoriseret. En erkl\u00e6ring under strafansvar om, at de oplysninger, du giver, er n\u00f8jagtige, og at du er indehaver af ophavsretten eller autoriseret til at handle p\u00e5 deres vegne. Din fysiske eller elektroniske underskrift. Send din DMCA-meddelelse til:<\/p>\n<p>[info@latina-nudes.com]<\/p>\n<p>Hvis du mener, at materiale, du har lagt ud p\u00e5 vores hjemmeside, er blevet fjernet ved en fejl eller fejlidentifikation, kan du indsende en modanmeldelse til vores udpegede copyright-agent. Din modanmeldelse skal indeholde: Dine kontaktoplysninger (navn, adresse, telefonnummer og e-mail). Identifikation af materialet og dets placering f\u00f8r fjernelse. En erkl\u00e6ring under strafansvar om, at materialet blev fjernet ved en fejltagelse eller fejlidentifikation. En erkl\u00e6ring om, at du accepterer jurisdiktionen for den f\u00f8derale domstol i dit distrikt eller, hvis du er uden for USA, dit samtykke til jurisdiktionen for domstolene i [stat, USA]. Din fysiske eller elektroniske underskrift. N\u00e5r vi modtager en gyldig modanmeldelse, kan vi gendanne det fjernede materiale, medmindre den oprindelige klager indgiver en retskendelse mod dig inden for 10 arbejdsdage. Vi forbeholder os ret til at opsige konti for brugere, der er gentagne kr\u00e6nkere. Hvis du har sp\u00f8rgsm\u00e5l om denne politik, bedes du kontakte os p\u00e5 [Kontaktoplysninger].<\/p>\t\t\t\t\t\t<\/div>\n\t\t\t\t<\/div>\n\t\t\t\t\t<\/div>\n\t\t\t\t<\/div>\n\t\t\t\t\t\t\t<\/div>","protected":false},"excerpt":{"rendered":"<p>DMCA Policy [Latina-Nudes.com] respects the intellectual property rights of others and complies with the Digital Millennium Copyright Act (DMCA). This policy outlines our process for addressing claims of copyright infringement. If you believe that your copyrighted work has been used on our website in a way that constitutes copyright infringement, please send a written notice&hellip; <br \/> <a class=\"read-more\" href=\"https:\/\/latina-nudes.com\/da\/dmca\/\">L\u00e6s mere<\/a><\/p>","protected":false},"author":1,"featured_media":0,"parent":0,"menu_order":0,"comment_status":"closed","ping_status":"closed","template":"page-templates\/homepage.php","meta":{"footnotes":""},"aioseo_notices":[],"yoast_head":"<!-- This site is optimized with the Yoast SEO plugin v21.3 - https:\/\/yoast.com\/wordpress\/plugins\/seo\/ -->\n<title>DMCA Policy - latina-nudes.com<\/title>\n<meta name=\"robots\" content=\"index, follow, max-snippet:-1, max-image-preview:large, max-video-preview:-1\" \/>\n<link rel=\"canonical\" href=\"https:\/\/latina-nudes.com\/da\/dmca\/\" \/>\n<meta property=\"og:locale\" content=\"da_DK\" \/>\n<meta property=\"og:type\" content=\"article\" \/>\n<meta property=\"og:title\" content=\"DMCA Policy - latina-nudes.com\" \/>\n<meta property=\"og:description\" content=\"DMCA Policy [Latina-Nudes.com] respects the intellectual property rights of others and complies with the Digital Millennium Copyright Act (DMCA). This policy outlines our process for addressing claims of copyright infringement. If you believe that your copyrighted work has been used on our website in a way that constitutes copyright infringement, please send a written notice&hellip; L\u00e6s mere\" \/>\n<meta property=\"og:url\" content=\"https:\/\/latina-nudes.com\/da\/dmca\/\" \/>\n<meta property=\"og:site_name\" content=\"latina-nudes.com\" \/>\n<meta property=\"article:modified_time\" content=\"2025-02-18T09:15:21+00:00\" \/>\n<meta property=\"og:image\" content=\"https:\/\/www.imglnkx.com\/6224\/000110AH_JRKM_18_ALL_EN_22646_L.jpg\" \/>\n<meta name=\"twitter:card\" content=\"summary_large_image\" \/>\n<meta name=\"twitter:label1\" content=\"Estimeret l\u00e6setid\" \/>\n\t<meta name=\"twitter:data1\" content=\"2 minutter\" \/>\n<script type=\"application\/ld+json\" class=\"yoast-schema-graph\">{\"@context\":\"https:\/\/schema.org\",\"@graph\":[{\"@type\":\"WebPage\",\"@id\":\"https:\/\/latina-nudes.com\/dmca\/\",\"url\":\"https:\/\/latina-nudes.com\/dmca\/\",\"name\":\"DMCA Policy - latina-nudes.com\",\"isPartOf\":{\"@id\":\"https:\/\/latina-nudes.com\/#website\"},\"datePublished\":\"2025-02-18T08:13:36+00:00\",\"dateModified\":\"2025-02-18T09:15:21+00:00\",\"breadcrumb\":{\"@id\":\"https:\/\/latina-nudes.com\/dmca\/#breadcrumb\"},\"inLanguage\":\"da-DK\",\"potentialAction\":[{\"@type\":\"ReadAction\",\"target\":[\"https:\/\/latina-nudes.com\/dmca\/\"]}]},{\"@type\":\"BreadcrumbList\",\"@id\":\"https:\/\/latina-nudes.com\/dmca\/#breadcrumb\",\"itemListElement\":[{\"@type\":\"ListItem\",\"position\":1,\"name\":\"Home\",\"item\":\"https:\/\/latina-nudes.com\/\"},{\"@type\":\"ListItem\",\"position\":2,\"name\":\"DMCA Policy\"}]},{\"@type\":\"WebSite\",\"@id\":\"https:\/\/latina-nudes.com\/#website\",\"url\":\"https:\/\/latina-nudes.com\/\",\"name\":\"latina-nudes.com\",\"description\":\"\",\"publisher\":{\"@id\":\"https:\/\/latina-nudes.com\/#organization\"},\"potentialAction\":[{\"@type\":\"SearchAction\",\"target\":{\"@type\":\"EntryPoint\",\"urlTemplate\":\"https:\/\/latina-nudes.com\/?s={search_term_string}\"},\"query-input\":\"required name=search_term_string\"}],\"inLanguage\":\"da-DK\"},{\"@type\":\"Organization\",\"@id\":\"https:\/\/latina-nudes.com\/#organization\",\"name\":\"latina-nudes.com\",\"url\":\"https:\/\/latina-nudes.com\/\",\"logo\":{\"@type\":\"ImageObject\",\"inLanguage\":\"da-DK\",\"@id\":\"https:\/\/latina-nudes.com\/#\/schema\/logo\/image\/\",\"url\":\"https:\/\/latina-nudes.com\/wp-content\/uploads\/2023\/10\/cropped-onlyfans-logo-C7DEFE44F5-seeklogo.com_.png\",\"contentUrl\":\"https:\/\/latina-nudes.com\/wp-content\/uploads\/2023\/10\/cropped-onlyfans-logo-C7DEFE44F5-seeklogo.com_.png\",\"width\":300,\"height\":201,\"caption\":\"latina-nudes.com\"},\"image\":{\"@id\":\"https:\/\/latina-nudes.com\/#\/schema\/logo\/image\/\"}}]}<\/script>\n<!-- \/ Yoast SEO plugin. -->","yoast_head_json":{"title":"DMCA Policy - latina-nudes.com","robots":{"index":"index","follow":"follow","max-snippet":"max-snippet:-1","max-image-preview":"max-image-preview:large","max-video-preview":"max-video-preview:-1"},"canonical":"https:\/\/latina-nudes.com\/da\/dmca\/","og_locale":"da_DK","og_type":"article","og_title":"DMCA Policy - latina-nudes.com","og_description":"DMCA Policy [Latina-Nudes.com] respects the intellectual property rights of others and complies with the Digital Millennium Copyright Act (DMCA). This policy outlines our process for addressing claims of copyright infringement. If you believe that your copyrighted work has been used on our website in a way that constitutes copyright infringement, please send a written notice&hellip; L\u00e6s mere","og_url":"https:\/\/latina-nudes.com\/da\/dmca\/","og_site_name":"latina-nudes.com","article_modified_time":"2025-02-18T09:15:21+00:00","og_image":[{"url":"https:\/\/www.imglnkx.com\/6224\/000110AH_JRKM_18_ALL_EN_22646_L.jpg"}],"twitter_card":"summary_large_image","twitter_misc":{"Estimeret l\u00e6setid":"2 minutter"},"schema":{"@context":"https:\/\/schema.org","@graph":[{"@type":"WebPage","@id":"https:\/\/latina-nudes.com\/dmca\/","url":"https:\/\/latina-nudes.com\/dmca\/","name":"DMCA Policy - latina-nudes.com","isPartOf":{"@id":"https:\/\/latina-nudes.com\/#website"},"datePublished":"2025-02-18T08:13:36+00:00","dateModified":"2025-02-18T09:15:21+00:00","breadcrumb":{"@id":"https:\/\/latina-nudes.com\/dmca\/#breadcrumb"},"inLanguage":"da-DK","potentialAction":[{"@type":"ReadAction","target":["https:\/\/latina-nudes.com\/dmca\/"]}]},{"@type":"BreadcrumbList","@id":"https:\/\/latina-nudes.com\/dmca\/#breadcrumb","itemListElement":[{"@type":"ListItem","position":1,"name":"Home","item":"https:\/\/latina-nudes.com\/"},{"@type":"ListItem","position":2,"name":"DMCA Policy"}]},{"@type":"WebSite","@id":"https:\/\/latina-nudes.com\/#website","url":"https:\/\/latina-nudes.com\/","name":"latina-nudes.com","description":"","publisher":{"@id":"https:\/\/latina-nudes.com\/#organization"},"potentialAction":[{"@type":"SearchAction","target":{"@type":"EntryPoint","urlTemplate":"https:\/\/latina-nudes.com\/?s={search_term_string}"},"query-input":"required name=search_term_string"}],"inLanguage":"da-DK"},{"@type":"Organization","@id":"https:\/\/latina-nudes.com\/#organization","name":"latina-nudes.com","url":"https:\/\/latina-nudes.com\/","logo":{"@type":"ImageObject","inLanguage":"da-DK","@id":"https:\/\/latina-nudes.com\/#\/schema\/logo\/image\/","url":"https:\/\/latina-nudes.com\/wp-content\/uploads\/2023\/10\/cropped-onlyfans-logo-C7DEFE44F5-seeklogo.com_.png","contentUrl":"https:\/\/latina-nudes.com\/wp-content\/uploads\/2023\/10\/cropped-onlyfans-logo-C7DEFE44F5-seeklogo.com_.png","width":300,"height":201,"caption":"latina-nudes.com"},"image":{"@id":"https:\/\/latina-nudes.com\/#\/schema\/logo\/image\/"}}]}},"_links":{"self":[{"href":"https:\/\/latina-nudes.com\/da\/wp-json\/wp\/v2\/pages\/1870"}],"collection":[{"href":"https:\/\/latina-nudes.com\/da\/wp-json\/wp\/v2\/pages"}],"about":[{"href":"https:\/\/latina-nudes.com\/da\/wp-json\/wp\/v2\/types\/page"}],"author":[{"embeddable":true,"href":"https:\/\/latina-nudes.com\/da\/wp-json\/wp\/v2\/users\/1"}],"replies":[{"embeddable":true,"href":"https:\/\/latina-nudes.com\/da\/wp-json\/wp\/v2\/comments?post=1870"}],"version-history":[{"count":13,"href":"https:\/\/latina-nudes.com\/da\/wp-json\/wp\/v2\/pages\/1870\/revisions"}],"predecessor-version":[{"id":1885,"href":"https:\/\/latina-nudes.com\/da\/wp-json\/wp\/v2\/pages\/1870\/revisions\/1885"}],"wp:attachment":[{"href":"https:\/\/latina-nudes.com\/da\/wp-json\/wp\/v2\/media?parent=1870"}],"curies":[{"name":"wp","href":"https:\/\/api.w.org\/{rel}","templated":true}]}}